{"id":79,"date":"2026-03-11T16:54:36","date_gmt":"2026-03-11T09:54:36","guid":{"rendered":"https:\/\/chamviviet.com.vn\/?post_type=product&#038;p=79"},"modified":"2026-03-11T16:54:36","modified_gmt":"2026-03-11T09:54:36","slug":"nem-chua","status":"publish","type":"product","link":"https:\/\/chamviviet.com.vn\/?product=nem-chua","title":{"rendered":"Nem chua"},"content":{"rendered":"<p>V\u1edbi c\u00e1c trang web t\u1eadp trung v\u00e0o khu v\u1ef1c n\u1ed9i th\u00e0nh (nh\u01b0 TP.HCM hay H\u00e0 N\u1ed9i), c\u00e1c m\u00f3n nh\u01b0 Ch\u1ea3 c\u00e1 th\u00e1c l\u00e1c, Nem chua r\u00e1n hay B\u00e1nh ch\u01b0ng h\u00fat ch\u00e2n kh\u00f4ng lu\u00f4n c\u00f3 l\u01b0\u1ee3ng c\u1ea7u \u1ed5n \u0111\u1ecbnh. S\u1ea3n ph\u1ea9m \u0111\u01b0\u1ee3c c\u1ea5p \u0111\u00f4ng ngay sau khi s\u1ea3n xu\u1ea5t \u0111\u1ec3 gi\u1eef \u0111\u1ed9 t\u01b0\u01a1i v\u00e0 \u0111\u1ed9 dai t\u1ef1 nhi\u00ean, khi kh\u00e1ch mua v\u1ec1 ch\u1ec9 c\u1ea7n chi\u00ean ho\u1eb7c h\u1ea5p l\u1ea1i l\u00e0 ngon nh\u01b0 \u0103n t\u1ea1i l\u00f2.<\/p>\n","protected":false},"excerpt":{"rendered":"<p>C\u00e1c m\u00f3n \u0103n t\u01b0\u01a1i \u0111\u01b0\u1ee3c s\u01a1 ch\u1ebf v\u00e0 c\u1ea5p \u0111\u00f4ng s\u00e2u, giao h\u00e0ng nhanh trong ng\u00e0y ho\u1eb7c qua d\u1ecbch v\u1ee5 v\u1eadn chuy\u1ec3n l\u1ea1nh.<\/p>\n","protected":false},"featured_media":82,"comment_status":"open","ping_status":"closed","template":"","meta":[],"product_brand":[],"product_cat":[24],"product_tag":[],"class_list":{"0":"post-79","1":"product","2":"type-product","3":"status-publish","4":"has-post-thumbnail","6":"product_cat-dac-san-vung-mien","8":"first","9":"instock","10":"shipping-taxable","11":"purchasable","12":"product-type-simple"},"jetpack_sharing_enabled":true,"_links":{"self":[{"href":"https:\/\/chamviviet.com.vn\/index.php?rest_route=\/wp\/v2\/product\/79","targetHints":{"allow":["GET"]}}],"collection":[{"href":"https:\/\/chamviviet.com.vn\/index.php?rest_route=\/wp\/v2\/product"}],"about":[{"href":"https:\/\/chamviviet.com.vn\/index.php?rest_route=\/wp\/v2\/types\/product"}],"replies":[{"embeddable":true,"href":"https:\/\/chamviviet.com.vn\/index.php?rest_route=%2Fwp%2Fv2%2Fcomments&post=79"}],"wp:featuredmedia":[{"embeddable":true,"href":"https:\/\/chamviviet.com.vn\/index.php?rest_route=\/wp\/v2\/media\/82"}],"wp:attachment":[{"href":"https:\/\/chamviviet.com.vn\/index.php?rest_route=%2Fwp%2Fv2%2Fmedia&parent=79"}],"wp:term":[{"taxonomy":"product_brand","embeddable":true,"href":"https:\/\/chamviviet.com.vn\/index.php?rest_route=%2Fwp%2Fv2%2Fproduct_brand&post=79"},{"taxonomy":"product_cat","embeddable":true,"href":"https:\/\/chamviviet.com.vn\/index.php?rest_route=%2Fwp%2Fv2%2Fproduct_cat&post=79"},{"taxonomy":"product_tag","embeddable":true,"href":"https:\/\/chamviviet.com.vn\/index.php?rest_route=%2Fwp%2Fv2%2Fproduct_tag&post=79"}],"curies":[{"name":"wp","href":"https:\/\/api.w.org\/{rel}","templated":true}]}}