{"id":399,"date":"2026-04-08T11:15:34","date_gmt":"2026-04-08T04:15:34","guid":{"rendered":"https:\/\/chamviviet.com.vn\/?post_type=product&#038;p=399"},"modified":"2026-04-08T11:15:34","modified_gmt":"2026-04-08T04:15:34","slug":"banh-phong-sua-cham-vi-viet","status":"publish","type":"product","link":"https:\/\/chamviviet.com.vn\/?product=banh-phong-sua-cham-vi-viet","title":{"rendered":"B\u00e1nh Ph\u1ed3ng S\u1eefa &#8211; Ch\u1ea1m V\u1ecb Vi\u1ec7t"},"content":{"rendered":"<div class=\"flex flex-col text-sm pb-25\">\n<section class=\"text-token-text-primary w-full focus:outline-none [--shadow-height:45px] has-data-writing-block:pointer-events-none has-data-writing-block:-mt-(--shadow-height) has-data-writing-block:pt-(--shadow-height) [&amp;:has([data-writing-block])&gt;*]:pointer-events-auto scroll-mt-[calc(var(--header-height)+min(200px,max(70px,20svh)))]\" dir=\"auto\" data-turn-id=\"request-69d4d17b-e09c-8324-a411-81ddf3d18a05-23\" data-testid=\"conversation-turn-56\" data-scroll-anchor=\"true\" data-turn=\"assistant\">\n<div class=\"text-base my-auto mx-auto pb-10 [--thread-content-margin:var(--thread-content-margin-xs,calc(var(--spacing)*4))] @w-sm\/main:[--thread-content-margin:var(--thread-content-margin-sm,calc(var(--spacing)*6))] @w-lg\/main:[--thread-content-margin:var(--thread-content-margin-lg,calc(var(--spacing)*16))] px-(--thread-content-margin)\">\n<div class=\"[--thread-content-max-width:40rem] @w-lg\/main:[--thread-content-max-width:48rem] mx-auto max-w-(--thread-content-max-width) flex-1 group\/turn-messages focus-visible:outline-hidden relative flex w-full min-w-0 flex-col agent-turn\">\n<div class=\"flex max-w-full flex-col gap-4 grow\">\n<div class=\"min-h-8 text-message relative flex w-full flex-col items-end gap-2 text-start break-words whitespace-normal outline-none keyboard-focused:focus-ring [.text-message+&amp;]:mt-1\" dir=\"auto\" tabindex=\"0\" data-message-author-role=\"assistant\" data-message-id=\"96e9b3dc-fa19-48bb-8cec-a3e1c7498880\" data-message-model-slug=\"gpt-5-3\" data-turn-start-message=\"true\">\n<div class=\"flex w-full flex-col gap-1 empty:hidden\">\n<div class=\"markdown prose dark:prose-invert w-full wrap-break-word dark markdown-new-styling\">\n<p data-start=\"0\" data-end=\"72\"><strong data-start=\"0\" data-end=\"70\">M\u00f4 t\u1ea3 s\u1ea3n ph\u1ea9m: <span class=\"hover:entity-accent entity-underline inline cursor-pointer align-baseline\"><span class=\"whitespace-normal\">b\u00e1nh ph\u1ed3ng s\u1eefa<\/span><\/span> Ch\u1ea1m V\u1ecb Vi\u1ec7t<\/strong><\/p>\n<p data-start=\"74\" data-end=\"533\">B\u00e1nh ph\u1ed3ng s\u1eefa Ch\u1ea1m V\u1ecb Vi\u1ec7t l\u00e0 m\u00f3n \u0111\u1eb7c s\u1ea3n th\u01a1m ngon mang \u0111\u1eadm h\u01b0\u01a1ng v\u1ecb mi\u1ec1n T\u00e2y, \u0111\u01b0\u1ee3c y\u00eau th\u00edch b\u1edfi \u0111\u1ed9 gi\u00f2n x\u1ed1p c\u00f9ng v\u1ecb ng\u1ecdt b\u00e9o h\u00e0i h\u00f2a. T\u1eebng chi\u1ebfc b\u00e1nh \u0111\u01b0\u1ee3c l\u00e0m t\u1eeb nh\u1eefng nguy\u00ean li\u1ec7u quen thu\u1ed9c nh\u01b0 s\u1eefa, b\u1ed9t v\u00e0 \u0111\u01b0\u1eddng, tr\u1ea3i qua qu\u00e1 tr\u00ecnh ch\u1ebf bi\u1ebfn t\u1ec9 m\u1ec9 \u0111\u1ec3 t\u1ea1o n\u00ean l\u1edbp b\u00e1nh m\u1ecfng, nh\u1eb9 v\u00e0 gi\u00f2n tan khi th\u01b0\u1edfng th\u1ee9c. Khi c\u1eafn m\u1ed9t mi\u1ebfng, b\u1ea1n s\u1ebd c\u1ea3m nh\u1eadn r\u00f5 v\u1ecb ng\u1ecdt d\u1ecbu lan t\u1ecfa, k\u1ebft h\u1ee3p c\u00f9ng h\u01b0\u01a1ng s\u1eefa th\u01a1m b\u00e9o, t\u1ea1o n\u00ean c\u1ea3m gi\u00e1c v\u1eeba l\u1ea1 v\u1eeba quen, \u0103n m\u1ed9t l\u1ea7n l\u00e0 nh\u1edb m\u00e3i.<\/p>\n<p data-start=\"535\" data-end=\"810\">\u0110i\u1ec3m \u0111\u1eb7c bi\u1ec7t c\u1ee7a b\u00e1nh ph\u1ed3ng s\u1eefa n\u1eb1m \u1edf k\u1ebft c\u1ea5u gi\u00f2n nh\u01b0ng kh\u00f4ng c\u1ee9ng, tan nh\u1eb9 trong mi\u1ec7ng, kh\u00f4ng g\u00e2y ng\u00e1n d\u00f9 \u0103n nhi\u1ec1u. \u0110\u00e2y l\u00e0 m\u00f3n \u0103n v\u1eb7t l\u00fd t\u01b0\u1edfng cho m\u1ecdi l\u1ee9a tu\u1ed5i, th\u00edch h\u1ee3p d\u00f9ng trong nh\u1eefng bu\u1ed5i t\u1ee5 h\u1ecdp, nh\u00e2m nhi c\u00f9ng tr\u00e0 ho\u1eb7c l\u00e0m qu\u00e0 bi\u1ebfu mang \u0111\u1eadm n\u00e9t truy\u1ec1n th\u1ed1ng Vi\u1ec7t Nam.<\/p>\n<p data-start=\"812\" data-end=\"1085\">S\u1ea3n ph\u1ea9m \u0111\u01b0\u1ee3c s\u1ea3n xu\u1ea5t theo quy tr\u00ecnh \u0111\u1ea3m b\u1ea3o v\u1ec7 sinh an to\u00e0n th\u1ef1c ph\u1ea9m, nguy\u00ean li\u1ec7u \u0111\u01b0\u1ee3c ch\u1ecdn l\u1ecdc k\u1ef9 l\u01b0\u1ee1ng, kh\u00f4ng s\u1eed d\u1ee5ng ch\u1ea5t b\u1ea3o qu\u1ea3n \u0111\u1ed9c h\u1ea1i. Ch\u1ea1m V\u1ecb Vi\u1ec7t cam k\u1ebft mang \u0111\u1ebfn b\u00e1nh ph\u1ed3ng s\u1eefa ch\u1ea5t l\u01b0\u1ee3ng, gi\u1eef tr\u1ecdn h\u01b0\u01a1ng v\u1ecb th\u01a1m ngon v\u00e0 \u0111\u1ed9 gi\u00f2n h\u1ea5p d\u1eabn khi \u0111\u1ebfn tay kh\u00e1ch h\u00e0ng.<\/p>\n<p data-start=\"1087\" data-end=\"1206\" data-is-last-node=\"\" data-is-only-node=\"\">#Hashtag<br data-start=\"1095\" data-end=\"1098\" \/>#BanhPhongSua #ChamViViet #DacSanBenTre #AmThucVietNam #MonNgonMoiNgay #DacSanViet #AnVatNgon #HuongViQueNha<\/p>\n<\/div>\n<\/div>\n<\/div>\n<\/div>\n<div class=\"z-0 flex min-h-[46px] justify-start\"><\/div>\n<div class=\"mt-3 w-full empty:hidden\">\n<div class=\"text-center\"><\/div>\n<\/div>\n<\/div>\n<\/div>\n<\/section>\n<\/div>\n<div class=\"pointer-events-none h-px w-px absolute bottom-0\" aria-hidden=\"true\" data-edge=\"true\"><\/div>\n","protected":false},"excerpt":{"rendered":"<p>B\u00e1nh ph\u1ed3ng s\u1eefa gi\u00f2n x\u1ed1p, ng\u1ecdt d\u1ecbu, th\u01a1m b\u00e9o m\u00f9i s\u1eefa, tan nh\u1eb9 trong mi\u1ec7ng, l\u00e0 m\u00f3n \u0103n v\u1eb7t h\u1ea5p d\u1eabn \u0111\u1eadm v\u1ecb mi\u1ec1n T\u00e2y.<\/p>\n","protected":false},"featured_media":338,"comment_status":"open","ping_status":"closed","template":"","meta":[],"product_brand":[],"product_cat":[15],"product_tag":[],"class_list":{"0":"post-399","1":"product","2":"type-product","3":"status-publish","4":"has-post-thumbnail","6":"product_cat-chua-phan-loai","8":"first","9":"instock","10":"shipping-taxable","11":"purchasable","12":"product-type-simple"},"jetpack_sharing_enabled":true,"_links":{"self":[{"href":"https:\/\/chamviviet.com.vn\/index.php?rest_route=\/wp\/v2\/product\/399","targetHints":{"allow":["GET"]}}],"collection":[{"href":"https:\/\/chamviviet.com.vn\/index.php?rest_route=\/wp\/v2\/product"}],"about":[{"href":"https:\/\/chamviviet.com.vn\/index.php?rest_route=\/wp\/v2\/types\/product"}],"replies":[{"embeddable":true,"href":"https:\/\/chamviviet.com.vn\/index.php?rest_route=%2Fwp%2Fv2%2Fcomments&post=399"}],"wp:featuredmedia":[{"embeddable":true,"href":"https:\/\/chamviviet.com.vn\/index.php?rest_route=\/wp\/v2\/media\/338"}],"wp:attachment":[{"href":"https:\/\/chamviviet.com.vn\/index.php?rest_route=%2Fwp%2Fv2%2Fmedia&parent=399"}],"wp:term":[{"taxonomy":"product_brand","embeddable":true,"href":"https:\/\/chamviviet.com.vn\/index.php?rest_route=%2Fwp%2Fv2%2Fproduct_brand&post=399"},{"taxonomy":"product_cat","embeddable":true,"href":"https:\/\/chamviviet.com.vn\/index.php?rest_route=%2Fwp%2Fv2%2Fproduct_cat&post=399"},{"taxonomy":"product_tag","embeddable":true,"href":"https:\/\/chamviviet.com.vn\/index.php?rest_route=%2Fwp%2Fv2%2Fproduct_tag&post=399"}],"curies":[{"name":"wp","href":"https:\/\/api.w.org\/{rel}","templated":true}]}}